{"id":11147,"date":"2023-11-08T00:28:00","date_gmt":"2023-11-08T03:28:00","guid":{"rendered":"https:\/\/kgmlan.com.br\/?page_id=11147"},"modified":"2024-11-07T21:35:55","modified_gmt":"2024-11-08T00:35:55","slug":"projects","status":"publish","type":"page","link":"https:\/\/kgmlan.com.br\/?page_id=11147","title":{"rendered":"Projects"},"content":{"rendered":"<p><img loading=\"lazy\" decoding=\"async\" class=\"wp-image-11181 aligncenter\" src=\"https:\/\/kgmlan.com.br\/wp-content\/uploads\/2023\/11\/KGMlan-Projects-1.png\" alt=\"\" width=\"436\" height=\"192\" \/><\/p>\n<p>&nbsp;<\/p>\n<div class=\"conteudo-projeto\">\n<p>A<strong> Kgmlan Projects<\/strong> surgiu para atender projetos de pequena, m\u00e9dia e alta complexidade; levando um mix de solu\u00e7\u00f5es inovadoras e tecnol\u00f3gica, com assertividade para o seu neg\u00f3cio.<\/p>\n<ul>\n<li><i class=\"fa-regular fa-square-check\"><\/i> + de 1000 projetos realizados;<\/li>\n<li>Visitas com nossos analistas aos projetos;<\/li>\n<li>Experi\u00eancia no mercado de atua\u00e7\u00e3o;<\/li>\n<li>Showroom para proporcionar a experi\u00eancia do uso das solu\u00e7\u00f5es oferecidas;<\/li>\n<li>Analistas altamente capacitados;<\/li>\n<\/ul>\n<div class=\"row\">\n<div class=\"col-xs-12 col-sm-12 col-md-12 col-lg-12\">\n<div class=\"ico-projetos text-center\">\n<p><img decoding=\"async\" class=\"text-center\" src=\"https:\/\/kgmlan.com.br\/wp-content\/themes\/kgmlan\/assets\/images\/ico-fornecedor.png\" \/><\/p>\n<p class=\"text-center\"><b>Fornecedor<\/b><br \/>\nDesenvolve a tecnologia, presta suporte e capacita.<\/p>\n<\/div>\n<\/div>\n<\/div>\n<div class=\"row\">\n<div class=\"col-xs-12 col-sm-12 col-md-12 col-lg-12\">\n<div class=\"ico-projetos text-center\">\n<p><img decoding=\"async\" class=\"text-center\" src=\"https:\/\/kgmlan.com.br\/wp-content\/themes\/kgmlan\/assets\/images\/ico-distribuicao.png\" \/><\/p>\n<p class=\"text-center\"><b>Canal de distribuidora<\/b><br \/>\nTecnologia de ponta a ponta, capacita e apoia o integrador da regi\u00e3o.<\/p>\n<\/div>\n<\/div>\n<\/div>\n<div class=\"row\">\n<div class=\"col-xs-12 col-sm-12 col-md-12 col-lg-12\">\n<div class=\"ico-projetos text-center\">\n<p><img decoding=\"async\" class=\"text-center\" src=\"https:\/\/kgmlan.com.br\/wp-content\/themes\/kgmlan\/assets\/images\/ico-integracao.png\" \/><\/p>\n<p class=\"text-center\"><b>Integrador<\/b><br \/>\nAtende cliente final sendo o respons\u00e1vel pelo projeto, realizando a execu\u00e7\u00e3o.<\/p>\n<\/div>\n<\/div>\n<\/div>\n<\/div>\n","protected":false},"excerpt":{"rendered":"<p>&nbsp; A Kgmlan Projects surgiu para atender projetos de pequena, m\u00e9dia e alta complexidade; levando um mix de solu\u00e7\u00f5es inovadoras e tecnol\u00f3gica, com assertividade para o seu neg\u00f3cio. + de 1000 projetos realizados; Visitas com nossos analistas aos projetos; Experi\u00eancia no mercado de atua\u00e7\u00e3o; Showroom para proporcionar a experi\u00eancia do&hellip;<\/p>\n","protected":false},"author":4,"featured_media":0,"parent":0,"menu_order":0,"comment_status":"closed","ping_status":"closed","template":"","meta":{"footnotes":""},"class_list":["post-11147","page","type-page","status-publish","hentry"],"jetpack_sharing_enabled":true,"_links":{"self":[{"href":"https:\/\/kgmlan.com.br\/index.php?rest_route=\/wp\/v2\/pages\/11147","targetHints":{"allow":["GET"]}}],"collection":[{"href":"https:\/\/kgmlan.com.br\/index.php?rest_route=\/wp\/v2\/pages"}],"about":[{"href":"https:\/\/kgmlan.com.br\/index.php?rest_route=\/wp\/v2\/types\/page"}],"author":[{"embeddable":true,"href":"https:\/\/kgmlan.com.br\/index.php?rest_route=\/wp\/v2\/users\/4"}],"replies":[{"embeddable":true,"href":"https:\/\/kgmlan.com.br\/index.php?rest_route=%2Fwp%2Fv2%2Fcomments&post=11147"}],"version-history":[{"count":20,"href":"https:\/\/kgmlan.com.br\/index.php?rest_route=\/wp\/v2\/pages\/11147\/revisions"}],"predecessor-version":[{"id":12622,"href":"https:\/\/kgmlan.com.br\/index.php?rest_route=\/wp\/v2\/pages\/11147\/revisions\/12622"}],"wp:attachment":[{"href":"https:\/\/kgmlan.com.br\/index.php?rest_route=%2Fwp%2Fv2%2Fmedia&parent=11147"}],"curies":[{"name":"wp","href":"https:\/\/api.w.org\/{rel}","templated":true}]}}